{"id":4129,"date":"2020-01-02T15:41:01","date_gmt":"2020-01-02T14:41:01","guid":{"rendered":"http:\/\/www.lapiota.net\/?page_id=4129"},"modified":"2024-04-23T18:28:21","modified_gmt":"2024-04-23T16:28:21","slug":"corsi-3","status":"publish","type":"page","link":"https:\/\/www.lapiota.net\/index.php\/corsi-3\/","title":{"rendered":"Corsi"},"content":{"rendered":"<div class=\"container-fluid\"><div id=\"element_1177899662779\" class=\"el_row row\"><div class=\"inner-row\"><div id=\"element_2\" class=\"el_column col-md-5\"><div class=\"inner-column\"><div id=\"element-3\" class=\"section-head left  size-large\"><div><h2 style=\"color:#222222;font-weight:600\" class=\"section-main-title\">Educazione del cane di famiglia<\/h2><\/div><\/div><div id=\"element_4177899662767\" class=\"el_text\"><p class=\"p1\"><span class=\"s1\">10 lezioni individuali o in piccoli gruppi per apprendere le nozioni fondamentali di psicologia del cane ed i primi esercizi utili nella vita quotidiana: vieni, fermo, seduto, terra, lascia, condotta al guinzaglio, indifferenza verso cani e persone estranee; scopo del corso \u00e8 impostare tra il cane e la sua famiglia un rapporto sereno di fiducia e collaborazione che invogli il cane a rispondere subito e volentieri alle richieste dei proprietari.<\/span><\/p>\n<p class=\"p1\"><span class=\"s1\"><strong>Per adulti e cuccioli dai 60 giorni di et\u00e0<\/strong>.<\/span><\/p><\/div><\/div><\/div><div id=\"element_5\" class=\"el_column col-md-1\"><div class=\"inner-column\"><\/div><\/div><div id=\"element_6\" class=\"el_column col-md-6\"><div class=\"inner-column\"><div id=\"element_7\" class=\"el_image\"><div class=\"img-wrap image-align-left style-default\" ><div class=\"inner-wrap\" ><img  class=\"img-responsive\"  src=\"https:\/\/www.lapiota.net\/wp-content\/uploads\/2020\/01\/DSC_0018-scaled.jpg\" alt=\"\"\/><\/div><\/div><\/div><div id=\"element_8\" class=\"el_image\"><div class=\"img-wrap image-align-left style-default\" style=\"border-width:10px;\"><div class=\"inner-wrap\" ><img  class=\"img-responsive\"  src=\"https:\/\/www.lapiota.net\/wp-content\/uploads\/2020\/01\/GMC7573rit-scaled-300x200.jpg\" alt=\"\"\/><\/div><\/div><\/div><\/div><\/div><\/div><\/div><\/div><div class=\"container-fluid\"><div id=\"element_9177899662720\" class=\"el_row row\"><div class=\"inner-row\"><div id=\"element_10\" class=\"el_column col-md-6\"><div class=\"inner-column\"><div id=\"element_11\" class=\"el_image\"><div class=\"img-wrap image-align-left style-default\" ><div class=\"inner-wrap\" ><img  class=\"img-responsive\"  src=\"https:\/\/www.lapiota.net\/wp-content\/uploads\/2020\/01\/DSC_1310-scaled.jpg\" alt=\"\"\/><\/div><\/div><\/div><div id=\"element_12\" class=\"el_image\"><div class=\"img-wrap image-align-right style-default\" style=\"border-width:10px;\"><div class=\"inner-wrap\" ><img  class=\"img-responsive\"  src=\"https:\/\/www.lapiota.net\/wp-content\/uploads\/2020\/01\/DSC_3530-scaled-300x200.jpg\" alt=\"\"\/><\/div><\/div><\/div><\/div><\/div><div id=\"element_13\" class=\"el_column col-md-1\"><div class=\"inner-column\"><\/div><\/div><div id=\"element_14\" class=\"el_column col-md-5\"><div class=\"inner-column\"><div id=\"element-15\" class=\"section-head left  size-large\"><div><h2 style=\"color:#222222;font-weight:600\" class=\"section-main-title\">Obbedienza avanzata<\/h2><\/div><\/div><div id=\"element_16177899662717\" class=\"el_text\"><p class=\"p1\"><span class=\"s1\">Dedicata a coloro che, terminato il corso di educazione, non intendono dedicarsi ad uno sport cinofilo ma vogliono comunque approfondire il rapporto con il cane svolgendo esercizi pi\u00f9 complessi, come la condotta senza guinzaglio, il riporto di un oggetto, il superamento di ostacoli ed altri esercizi pi\u00f9<span class=\"Apple-converted-space\">\u00a0 <\/span>impegnativi ma di grande soddisfazione.<\/span><\/p>\n<p class=\"p1\"><span class=\"s1\">Moduli da 10 lezioni individuali o in piccoli gruppi.<\/span><\/p>\n<p class=\"p1\"><strong><span class=\"s1\">Istruttore: Marco Repetto<\/span><\/strong><\/p>\n<p class=\"p1\"><\/div><\/div><\/div><\/div><\/div><\/div><div class=\"container-fluid\"><div id=\"element_17177899662751\" class=\"el_row row\"><div class=\"inner-row\"><div id=\"element_18\" class=\"el_column col-md-5\"><div class=\"inner-column\"><div id=\"element-19\" class=\"section-head left  size-large\"><div><h2 style=\"color:#222222;font-weight:600\" class=\"section-main-title\">Correzione comportamentale<\/h2><\/div><\/div><div id=\"element_20177899662733\" class=\"el_text\"><p class=\"p1\"><span class=\"s1\">Talvolta il comportamento inadeguato del cane condiziona in modo inaccettabile la vita dei proprietari, che si vedono costretti \u2013 loro malgrado- a cedere o sopprimere il cane; spesso non sanno che la maggior parte dei comportamenti sgraditi si possono correggere con pochi accorgimenti mirati. <\/span><\/p>\n<p class=\"p1\"><span class=\"s1\">Percorso individuale di rieducazione volto a correggere i comportamenti indesiderati: aggressivit\u00e0, distruttivit\u00e0, paura di determinate situazioni o persone, ansia, iperattivit\u00e0, vocalizzazioni eccessive\u2026 <\/span><\/p>\n<p class=\"p1\"><span class=\"s1\">In caso si ravvisi un comportamento patologico che richieda esami o cure mediche, il veterinario del Centro si metter\u00e0 in contatto con il vostro medico curante per esporre la situazione e affidargli le decisioni del caso.<\/span><\/p>\n<p class=\"p1\"><strong><span class=\"s1\">Responsabile: dott.ssa Giovanna Barranca<\/span><\/strong><\/p>\n<p class=\"p1\"><\/div><\/div><\/div><div id=\"element_21\" class=\"el_column col-md-1\"><div class=\"inner-column\"><\/div><\/div><div id=\"element_22\" class=\"el_column col-md-6\"><div class=\"inner-column\"><div id=\"element_23\" class=\"el_image\"><div class=\"img-wrap image-align-left style-default\" ><div class=\"inner-wrap\" ><img  class=\"img-responsive\"  src=\"https:\/\/www.lapiota.net\/wp-content\/uploads\/2020\/01\/AdobeStock_161146043-scaled.jpeg\" alt=\"A male German shepherd bites a man by the hand.\"\/><\/div><\/div><\/div><div id=\"element_24\" class=\"el_image\"><div class=\"img-wrap image-align-left style-default\" style=\"border-width:10px;\"><div class=\"inner-wrap\" ><img  class=\"img-responsive\"  src=\"https:\/\/www.lapiota.net\/wp-content\/uploads\/2020\/01\/AdobeStock_254363718-scaled-300x200.jpeg\" alt=\"Naughty bad schnauzer puppy dog lies on a couch that she has just destroyed.\"\/><\/div><\/div><\/div><\/div><\/div><\/div><\/div><\/div><div class=\"container-fluid\"><div id=\"element_25177899662770\" class=\"el_row row\"><div class=\"inner-row\"><div id=\"element_26\" class=\"el_column col-md-6\"><div class=\"inner-column\"><div id=\"element_27\" class=\"el_image\"><div class=\"img-wrap image-align-left style-default\" ><div class=\"inner-wrap\" ><img  class=\"img-responsive\"  src=\"https:\/\/www.lapiota.net\/wp-content\/uploads\/2017\/06\/grey-lanscape.png\" alt=\"\"\/><\/div><\/div><\/div><div id=\"element_28\" class=\"el_image\"><div class=\"img-wrap image-align-right style-default\" style=\"border-width:10px;\"><div class=\"inner-wrap\" ><img  class=\"img-responsive\"  src=\"https:\/\/www.lapiota.net\/wp-content\/uploads\/2017\/06\/grey-portrait-300x200.png\" alt=\"\"\/><\/div><\/div><\/div><\/div><\/div><div id=\"element_29\" class=\"el_column col-md-1\"><div class=\"inner-column\"><\/div><\/div><div id=\"element_30\" class=\"el_column col-md-5\"><div class=\"inner-column\"><div id=\"element-31\" class=\"section-head left  size-large\"><div><h2 style=\"color:#222222;font-weight:600\" class=\"section-main-title\">Corso Giochi<\/h2><\/div><\/div><div id=\"element_32177899662739\" class=\"el_text\"><p class=\"p1\"><span class=\"s1\">Giochi di intelligenza, giochi di fiuto, tricks e giochi di agilit\u00e0 per stimolare la curiosit\u00e0 e l\u2019intelligenza, sviluppando coordinazione<span class=\"Apple-converted-space\">\u00a0 <\/span>e collaborazione e rinforzando sempre pi\u00f9 il legame che vi unisce.<\/span><\/p>\n<p class=\"p1\"><span class=\"s1\">Lasciati stupire dalla sua abilit\u00e0 nel risolvere giochi sempre pi\u00f9 complessi!<span class=\"Apple-converted-space\"><br \/>\n<\/span>5 moduli di 5 lezioni: 1 modulo base pi\u00f9 4 moduli a scelta.<br \/>\n<\/span><\/p>\n<p class=\"p1\"><strong><span class=\"s1\">Adatto per proprietari e cani di qualsiasi et\u00e0 (bambini dai 6 anni)<\/span><\/strong><\/p>\n<p class=\"p1\"><\/div><\/div><\/div><\/div><\/div><\/div><div class=\"container-fluid\"><div id=\"element_33177899662764\" class=\"el_row row\"><div class=\"inner-row\"><div id=\"element_34\" class=\"el_column col-md-5\"><div class=\"inner-column\"><div id=\"element-35\" class=\"section-head left  size-large\"><div><h2 style=\"color:#222222;font-weight:600\" class=\"section-main-title\">Agility dog<\/h2><\/div><\/div><div id=\"element_36177899662744\" class=\"el_text\"><p class=\"p1\"><span class=\"s1\">Lo sport cinofilo pi\u00f9 conosciuto e divertente: una gara di velocit\u00e0 e precisione per superare senza errori un percorso sempre pi\u00f9 complesso di salti, slalom, tubi, palizzate e passerelle.<br \/>\nPerfetto per cani con l\u2019argento vivo addosso! <\/span><\/p>\n<p class=\"p1\"><span class=\"s1\">Adatto anche ai bambini dai 6 anni.<\/span><\/p>\n<p class=\"p1\"><strong><span class=\"s1\">Istruttore: Mariarosa Negro<\/span><\/strong><\/p>\n<p class=\"p1\"><\/div><\/div><\/div><div id=\"element_37\" class=\"el_column col-md-1\"><div class=\"inner-column\"><\/div><\/div><div id=\"element_38\" class=\"el_column col-md-6\"><div class=\"inner-column\"><div id=\"element_39\" class=\"el_image\"><div class=\"img-wrap image-align-left style-default\" ><div class=\"inner-wrap\" ><img  class=\"img-responsive\"  src=\"https:\/\/www.lapiota.net\/wp-content\/uploads\/2019\/12\/IMG_2627_edit.jpg\" alt=\"agility dog\"\/><\/div><\/div><\/div><div id=\"element_40\" class=\"el_image\"><div class=\"img-wrap image-align-left style-default\" style=\"border-width:10px;\"><div class=\"inner-wrap\" ><img  class=\"img-responsive\"  src=\"https:\/\/www.lapiota.net\/wp-content\/uploads\/2015\/03\/11009157_1592452127699687_6629061607839204570_n-300x200.jpg\" alt=\"\"\/><\/div><\/div><\/div><\/div><\/div><\/div><\/div><\/div><div class=\"container-fluid\"><div id=\"element_41177899662740\" class=\"el_row row\"><div class=\"inner-row\"><div id=\"element_42\" class=\"el_column col-md-6\"><div class=\"inner-column\"><div id=\"element_43\" class=\"el_image\"><div class=\"img-wrap image-align-left style-default\" ><div class=\"inner-wrap\" ><img  class=\"img-responsive\"  src=\"https:\/\/www.lapiota.net\/wp-content\/uploads\/2024\/04\/rally2.jpg\" alt=\"\"\/><\/div><\/div><\/div><div id=\"element_44\" class=\"el_image\"><div class=\"img-wrap image-align-right style-default\" style=\"border-width:10px;\"><div class=\"inner-wrap\" ><img  class=\"img-responsive\"  src=\"https:\/\/www.lapiota.net\/wp-content\/uploads\/2024\/04\/relly1-300x200.jpg\" alt=\"\"\/><\/div><\/div><\/div><\/div><\/div><div id=\"element_45\" class=\"el_column col-md-1\"><div class=\"inner-column\"><\/div><\/div><div id=\"element_46\" class=\"el_column col-md-5\"><div class=\"inner-column\"><div id=\"element-47\" class=\"section-head left  size-large\"><div><h2 style=\"color:#222222;font-weight:600\" class=\"section-main-title\">Rally-o<\/h2><\/div><\/div><div id=\"element_48177899662741\" class=\"el_text\"><p class=\"p1\"><span class=\"s1\">Uno sport divertente per cani\u00a0 e proprietari dinamici ; vi stupirete di quante evoluzioni si possano fare<br \/>\nPer gli amanti degli esercizi di obbedienza in un contesto di pieno relax<\/span><\/p>\n<p class=\"p1\"><strong><span class=\"s1\">Istruttore: Francesca Guzzardi<\/span><\/strong><\/p>\n<p class=\"p1\"><\/div><\/div><\/div><\/div><\/div><\/div><div class=\"container-fluid\"><div id=\"element_49177899662712\" class=\"el_row row\"><div class=\"inner-row\"><div id=\"element_50\" class=\"el_column col-md-5\"><div class=\"inner-column\"><div id=\"element-51\" class=\"section-head left  size-large\"><div><h2 style=\"color:#222222;font-weight:600\" class=\"section-main-title\">Rescue dog \u2013 Superficie <\/h2><\/div><\/div><div id=\"element_52177899662798\" class=\"el_text\"><p class=\"p1\"><span class=\"s1\">Addestramento di unit\u00e0 cinofile per la ricerca di persone disperse in ambiente boschivo o montano, a scopo agonistico o per l\u2019inserimento in protezione Civile; il Centro \u00e8 situato ai piedi del monte Musin\u00e8, cosa che permette di recarsi sui luoghi di ricerca in pochi minuti a piedi, senza doversi spostare in auto.<br \/>\n<\/span><\/p>\n<p class=\"p1\"><span class=\"s1\">Preparazione ai brevetti IPO-R e Operativo ENCI ed ai brevetti internazionali IRO-RH; preparazione ai campionati a squadre e individuali.<\/span><\/p>\n<p class=\"p1\"><strong><span class=\"s1\">Istruttore: Dario Mollea<\/span><\/strong><\/p>\n<p class=\"p1\"><\/div><\/div><\/div><div id=\"element_53\" class=\"el_column col-md-1\"><div class=\"inner-column\"><\/div><\/div><div id=\"element_54\" class=\"el_column col-md-6\"><div class=\"inner-column\"><div id=\"element_55\" class=\"el_image\"><div class=\"img-wrap image-align-left style-default\" ><div class=\"inner-wrap\" ><img  class=\"img-responsive\"  src=\"https:\/\/www.lapiota.net\/wp-content\/uploads\/2020\/01\/IMG_0260-scaled.jpg\" alt=\"\"\/><\/div><\/div><\/div><div id=\"element_56\" class=\"el_image\"><div class=\"img-wrap image-align-left style-default\" style=\"border-width:10px;\"><div class=\"inner-wrap\" ><img  class=\"img-responsive\"  src=\"https:\/\/www.lapiota.net\/wp-content\/uploads\/2020\/01\/DSC_3797-scaled-300x200.jpg\" alt=\"\"\/><\/div><\/div><\/div><\/div><\/div><\/div><\/div><\/div><div class=\"container-fluid\"><div id=\"element_57177899662792\" class=\"el_row row\"><div class=\"inner-row\"><div id=\"element_58\" class=\"el_column col-md-6\"><div class=\"inner-column\"><div id=\"element_59\" class=\"el_image\"><div class=\"img-wrap image-align-left style-default\" ><div class=\"inner-wrap\" ><img  class=\"img-responsive\"  src=\"https:\/\/www.lapiota.net\/wp-content\/uploads\/2020\/01\/DSC_3905-scaled.jpg\" alt=\"\"\/><\/div><\/div><\/div><div id=\"element_60\" class=\"el_image\"><div class=\"img-wrap image-align-right style-default\" style=\"border-width:10px;\"><div class=\"inner-wrap\" ><img  class=\"img-responsive\"  src=\"https:\/\/www.lapiota.net\/wp-content\/uploads\/2020\/01\/IMG_4995bis-scaled-300x200.jpg\" alt=\"\"\/><\/div><\/div><\/div><\/div><\/div><div id=\"element_61\" class=\"el_column col-md-1\"><div class=\"inner-column\"><\/div><\/div><div id=\"element_62\" class=\"el_column col-md-5\"><div class=\"inner-column\"><div id=\"element-63\" class=\"section-head left  size-large\"><div><h2 style=\"color:#222222;font-weight:600\" class=\"section-main-title\">Rescue dog \u2013 Macerie<\/h2><\/div><\/div><div id=\"element_64177899662761\" class=\"el_text\"><p class=\"p1\"><span class=\"s1\">Addestramento unit\u00e0 cinofile per il soccorso di persone travolte da macerie, a scopo agonistico o per l\u2019inserimento in protezione Civile; il Centro dispone di un campo macerie per l\u2019addestramento dei cani da catastrofe di modernissima concezione,<span class=\"Apple-converted-space\">\u00a0 <\/span>teatro negli ultimi anni del Campionato del mondo ENCI e del Campionato del Mondo IRO per cani da soccorso, oltre che di prove nazionali ed internazionali.<\/span><\/p>\n<p class=\"p1\"><span class=\"s1\">Preparazione ai brevetti IPO-R e Operativo ENCI ed ai brevetti internazionali IRO-RH; preparazione ai campionati a squadre e individuali.<\/span><\/p>\n<p class=\"p1\"><strong><span class=\"s1\">Istruttore: Matteo Roman\u00f2<\/span><\/strong><\/p>\n<p class=\"p1\"><\/div><\/div><\/div><\/div><\/div><\/div><div class=\"container-fluid\"><div id=\"element_65177899662747\" class=\"el_row row\"><div class=\"inner-row\"><div id=\"element_66\" class=\"el_column col-md-5\"><div class=\"inner-column\"><div id=\"element-67\" class=\"section-head left  size-large\"><div><h2 style=\"color:#222222;font-weight:600\" class=\"section-main-title\">Utilit\u00e0 e Difesa<\/h2><\/div><\/div><div id=\"element_68177899662740\" class=\"el_text\"><p class=\"p1\"><span class=\"s1\">Una disciplina sportiva appassionante, che esalta le doti caratteriali di coraggio ed equilibrio delle razze cosiddette da lavoro. <\/span><\/p>\n<p class=\"p1\"><span class=\"s1\">Preparazione alle prove di selezione BH, CAL I, ZTP, IGP I-II-III e campionati. <\/span><\/p>\n<p class=\"p1\"><strong><span class=\"s1\">Figurante: Marco Repetto\u00a0 Istruttore: Marco Grasso<\/span><\/strong><\/p>\n<p class=\"p1\"><\/div><\/div><\/div><div id=\"element_69\" class=\"el_column col-md-1\"><div class=\"inner-column\"><\/div><\/div><div id=\"element_70\" class=\"el_column col-md-6\"><div class=\"inner-column\"><div id=\"element_71\" class=\"el_image\"><div class=\"img-wrap image-align-left style-default\" ><div class=\"inner-wrap\" ><img  class=\"img-responsive\"  src=\"https:\/\/www.lapiota.net\/wp-content\/uploads\/2020\/01\/DSC_1415-scaled.jpg\" alt=\"\"\/><\/div><\/div><\/div><div id=\"element_72\" class=\"el_image\"><div class=\"img-wrap image-align-left style-default\" style=\"border-width:10px;\"><div class=\"inner-wrap\" ><img  class=\"img-responsive\"  src=\"https:\/\/www.lapiota.net\/wp-content\/uploads\/2020\/01\/DSC1822rit-300x200.jpg\" alt=\"\"\/><\/div><\/div><\/div><\/div><\/div><\/div><\/div><\/div><div class=\"container-fluid\"><div id=\"element_73177899662733\" class=\"el_row row\"><div class=\"inner-row\"><div id=\"element_74\" class=\"el_column col-md-6\"><div class=\"inner-column\"><div id=\"element_75\" class=\"el_image\"><div class=\"img-wrap image-align-left style-default\" ><div class=\"inner-wrap\" ><img  class=\"img-responsive\"  src=\"https:\/\/www.lapiota.net\/wp-content\/uploads\/2020\/01\/IMG_2518-scaled.jpg\" alt=\"\"\/><\/div><\/div><\/div><div id=\"element_76\" class=\"el_image\"><div class=\"img-wrap image-align-right style-default\" style=\"border-width:10px;\"><div class=\"inner-wrap\" ><img  class=\"img-responsive\"  src=\"https:\/\/www.lapiota.net\/wp-content\/uploads\/2020\/01\/IMG_2544-scaled-300x200.jpg\" alt=\"\"\/><\/div><\/div><\/div><\/div><\/div><div id=\"element_77\" class=\"el_column col-md-1\"><div class=\"inner-column\"><\/div><\/div><div id=\"element_78\" class=\"el_column col-md-5\"><div class=\"inner-column\"><div id=\"element-79\" class=\"section-head left  size-large\"><div><h2 style=\"color:#222222;font-weight:600\" class=\"section-main-title\">Formazione professionale Addestratori ENCI<\/h2><\/div><\/div><div id=\"element_80177899662716\" class=\"el_text\"><p class=\"p1\"><span class=\"s1\">Diventare Addestratore riconosciuto ENCI con un corso a numero chiuso<span class=\"Apple-converted-space\">\u00a0 <\/span>in formula weekend: teoria 100 ore, pratica ore ILLIMITATE (58 obbligatorie) in campo con i nostri istruttori.<\/span><\/p>\n<p class=\"p1\"><span class=\"s1\">Superando l\u2019esame di fine corso, l\u2019allievo sar\u00e0 automaticamente iscritto al Registro degli Addestratori cinofili ENCI, riconosciuto dal Ministero delle Politiche Agricole e Forestali, e potr\u00e0 chiedere all\u2019ENCI il riconoscimento della propria struttura, per poter organizzare corsi e prove ufficiali.<\/span><\/p>\n<p class=\"p1\">\n<p class=\"p1\"><\/div><\/div><\/div><\/div><\/div><\/div><div class=\"container-fluid\"><div id=\"element_81177899662771\" class=\"el_row row\"><div class=\"inner-row\"><div id=\"element_82\" class=\"el_column col-md-5\"><div class=\"inner-column\"><div id=\"element-83\" class=\"section-head left  size-large\"><div><h2 style=\"color:#222222;font-weight:600\" class=\"section-main-title\">PROTEZIONE CIVILE<\/h2><\/div><\/div><div id=\"element_84177899662772\" class=\"el_text\"><p class=\"p1\"><span class=\"s1\">La nostra struttura ospita le unit\u00e0 cinofile dell\u2019Associazione Nazionale Finanzieri d\u2019Italia, prestigiosa associazione di Protezione civile operativa in reali interventi di soccorso in caso di catastrofe in Italia e all\u2019estero.<\/span><\/p>\n<p class=\"p1\"><span class=\"s1\">I volontari ANFI svolgono addestramento in superficie e macerie presso il nostro campo la domenica mattina e partecipano regolarmente ad esercitazioni e simulazioni di intervento in Italia e all\u2019estero.<\/span><\/p>\n<p class=\"p1\"><\/div><\/div><\/div><div id=\"element_85\" class=\"el_column col-md-1\"><div class=\"inner-column\"><\/div><\/div><div id=\"element_86\" class=\"el_column col-md-6\"><div class=\"inner-column\"><div id=\"element_87\" class=\"el_image\"><div class=\"img-wrap image-align-left style-default\" ><div class=\"inner-wrap\" ><img  class=\"img-responsive\"  src=\"https:\/\/www.lapiota.net\/wp-content\/uploads\/2020\/01\/IMG-20150530-WA0012ok.jpg\" alt=\"\"\/><\/div><\/div><\/div><div id=\"element_88\" class=\"el_image\"><div class=\"img-wrap image-align-left style-default\" style=\"border-width:10px;\"><div class=\"inner-wrap\" ><img  class=\"img-responsive\"  src=\"https:\/\/www.lapiota.net\/wp-content\/uploads\/2020\/01\/60283424_1997054667072233_1241066946623963136_n-300x200.jpg\" alt=\"\"\/><\/div><\/div><\/div><\/div><\/div><\/div><\/div><\/div><div class=\"container-fluid\"><div class=\"container\"><div id=\"element_89177899662774\" class=\"el_row row\"><div class=\"inner-row\"><div id=\"element_90\" class=\"el_column col-md-12\"><div class=\"inner-column\"><div id=\"element_91177899662752\" class=\"row el_row\"><div class=\"inner-row\"><div id=\"element_92\" class=\"el_column col-md-3\"><div class=\"inner-column\"><div id=\"element_93\" class=\"el_image\"><div class=\"img-wrap image-align-center style-default\" ><div class=\"inner-wrap\" ><img  class=\"img-responsive\"  src=\"https:\/\/www.lapiota.net\/wp-content\/uploads\/2015\/03\/1382859_1592447231033510_3145707834117978260_n.jpg\" alt=\"\"\/><\/div><\/div><\/div><\/div><\/div><div id=\"element_94\" class=\"el_column col-md-3\"><div class=\"inner-column\"><div id=\"element_95\" class=\"el_image\"><div class=\"img-wrap image-align-center style-default\" ><div class=\"inner-wrap\" ><img  class=\"img-responsive\"  src=\"https:\/\/www.lapiota.net\/wp-content\/uploads\/2015\/03\/11009157_1592452127699687_6629061607839204570_n.jpg\" alt=\"\"\/><\/div><\/div><\/div><\/div><\/div><div id=\"element_96\" class=\"el_column col-md-3\"><div class=\"inner-column\"><div id=\"element_97\" class=\"el_image\"><div class=\"img-wrap image-align-center style-default\" ><div class=\"inner-wrap\" ><img  class=\"img-responsive\"  src=\"https:\/\/www.lapiota.net\/wp-content\/uploads\/2015\/03\/11089048_1592452657699634_2084795706188915539_n.jpg\" alt=\"\"\/><\/div><\/div><\/div><\/div><\/div><div id=\"element_98\" class=\"el_column col-md-3\"><div class=\"inner-column\"><div id=\"element_99\" class=\"el_image\"><div class=\"img-wrap image-align-center style-default\" ><div class=\"inner-wrap\" ><img  class=\"img-responsive\"  src=\"https:\/\/www.lapiota.net\/wp-content\/uploads\/2015\/03\/11110370_1592445641033669_6185949995164076096_n.jpg\" alt=\"\"\/><\/div><\/div><\/div><\/div><\/div><\/div><\/div><\/div><\/div><\/div><\/div><\/div><\/div>\n","protected":false},"excerpt":{"rendered":"Educazione del cane di famiglia10 lezioni individuali o in piccoli gruppi per apprendere le nozioni fondamentali di psicologia del cane ed i primi esercizi utili nella vita quotidiana: vieni, fermo, seduto, terra, lascia, condotta al guinzaglio, indifferenza verso cani e persone estranee; scopo del corso \u00e8 impostare tra il cane e la sua famiglia un ","protected":false},"author":3,"featured_media":0,"parent":0,"menu_order":9,"comment_status":"closed","ping_status":"closed","template":"editor_page.php","meta":[],"_links":{"self":[{"href":"https:\/\/www.lapiota.net\/index.php\/wp-json\/wp\/v2\/pages\/4129"}],"collection":[{"href":"https:\/\/www.lapiota.net\/index.php\/wp-json\/wp\/v2\/pages"}],"about":[{"href":"https:\/\/www.lapiota.net\/index.php\/wp-json\/wp\/v2\/types\/page"}],"author":[{"embeddable":true,"href":"https:\/\/www.lapiota.net\/index.php\/wp-json\/wp\/v2\/users\/3"}],"replies":[{"embeddable":true,"href":"https:\/\/www.lapiota.net\/index.php\/wp-json\/wp\/v2\/comments?post=4129"}],"version-history":[{"count":29,"href":"https:\/\/www.lapiota.net\/index.php\/wp-json\/wp\/v2\/pages\/4129\/revisions"}],"predecessor-version":[{"id":4420,"href":"https:\/\/www.lapiota.net\/index.php\/wp-json\/wp\/v2\/pages\/4129\/revisions\/4420"}],"wp:attachment":[{"href":"https:\/\/www.lapiota.net\/index.php\/wp-json\/wp\/v2\/media?parent=4129"}],"curies":[{"name":"wp","href":"https:\/\/api.w.org\/{rel}","templated":true}]}}